{"id":108,"date":"2019-09-26T11:53:05","date_gmt":"2019-09-26T09:53:05","guid":{"rendered":"http:\/\/www.cobon1tp.it\/cobon1tp\/?page_id=108"},"modified":"2020-10-13T11:01:15","modified_gmt":"2020-10-13T09:01:15","slug":"il-consorzio","status":"publish","type":"page","link":"http:\/\/www.cobon1tp.it\/cobon1tp\/il-consorzio\/","title":{"rendered":"Il Consorzio"},"content":{"rendered":"<div id=\"pl-gb108-69f959ad75a2a\"  class=\"panel-layout\" ><div id=\"pg-gb108-69f959ad75a2a-0\"  class=\"panel-grid panel-no-style\" ><div id=\"pgc-gb108-69f959ad75a2a-0-0\"  class=\"panel-grid-cell\" ><div id=\"panel-gb108-69f959ad75a2a-0-0-0\" class=\"so-panel widget_text panel-first-child panel-last-child widgetopts-SO\" data-index=\"0\" >\t\t\t<div class=\"textwidget\"><table class=\"style1\" cellspacing=\"0\" cellpadding=\"0\">\n<tbody>\n<tr>\n<td valign=\"top\" width=\"20%\"><strong>Statuto &#8211; Art. 1<\/strong><\/td>\n<td class=\"style6\" width=\"70%\"><span class=\"style7\"><strong>NATURA GIURIDICA &#8211; SEDE<\/strong><\/span><\/p>\n<p>Il Consorzio di Bonifica 1 &#8211; Trapani, costituito con decreto del Presidente della Regione siciliana del 23 maggio 1997 pubblicato sulla Gazzetta Ufficiale della Regione siciliana n.49 del 6 settembre 1997 che opera ai sensi dell&#8217;art. 3 della legge regionale n.45\/95 sull&#8217;intero territorio delimitato con decreto del Presidente della Regione siciliana n.31 dell\u20198 febbraio 1996 pubblicato sulla Gazzetta Ufficiale della Regione siciliana n.19 del 20 aprile 1996, \u00e8 retto dal presente statuto. Il Consorzio ente di diritto pubblico, ai sensi dell&#8217;art.5, 4\u00b0 comma, della legge regionale 25 maggio 1995, n.45, ha sede legale e principale in Trapani e sede periferica in Mazara del Vallo.<\/td>\n<td width=\"10%\"><\/td>\n<\/tr>\n<tr>\n<td width=\"20%\"><\/td>\n<td width=\"70%\"><\/td>\n<td width=\"10%\"><\/td>\n<\/tr>\n<tr>\n<td valign=\"top\" width=\"20%\"><strong>Statuto &#8211; Art. 2<\/strong><\/td>\n<td width=\"70%\"><strong><span class=\"style7\">FINALITA&#8217;, FUNZIONI ISTITUZIONALI E COMPITI<\/span><\/strong><\/p>\n<p>Ai sensi dell&#8217;art.1 della legge regionale n.45\/95 il Consorzio \u00e8 lo strumento attraverso il quale la Regione, nell\u2019ambito dei programmi per la difesa, conservazione e tutela del suolo, per la valorizzazione del territorio, per lo sviluppo della produzione agricola e dell&#8217;irrigazione e per la tutela dell&#8217;ambiente, promuove ed organizza la bonifica come mezzo permanente di difesa, conservazione, valorizzazione e tutela del suolo di utilizzazione e tutela delle acque e salvaguardia dell&#8217;ambiente.<\/p>\n<p>Per il perseguimento delle finalit\u00e0 di cui al comma precedente, il Consorzio provvede alla realizzazione e gestione degli interventi di bonifica di cui all&#8217;art.2 della legge regionale n.45\/95 e svolge le funzioni di programmazione di cui all&#8217;art.7 della legge regionale n.45\/95 nonch\u00e9 i compiti di cui all&#8217;art.8 della citata legge regionale n.45\/95 e cio\u00e8:<\/p>\n<ol>\n<li>la gestione, manutenzione ordinaria e straordinaria delle opere pubbliche e degli impianti di bonifica e di irrigazione;<\/li>\n<li>la vigilanza delle opere e degli impianti di cui al punto 1);<\/li>\n<li>la redazione ed approvazione dello schema del piano generale degli interventi di bonifica di cui all&#8217;art.7 della legge regionale n.45\/95;<\/li>\n<li>la vigilanza sulla realizzazione delle opere private obbligatorie previste dal piano generale degli interventi di bonifica (art. 7 legge regionale n.45\/95);<\/li>\n<li>l&#8217;intervento sostitutivo dei privati nella esecuzione e manuten\u00adzione delle opere di interesse particolare dei propri fondi e previste nel piano generale degli interventi di cui al punto 3);<\/li>\n<li>la redazione ed approvazione del piano di classifica per il riparto della contribuenza sulla base dei criteri indicati all&#8217;art.10 della legge regionale n.45\/95;<\/li>\n<li>la formulazione di proposte in vista dell&#8217;inserimento nei piani di bacino, concernenti l&#8217;imposizione di prescrizioni e vincoli finalizzati alla conservazione del suolo;<\/li>\n<li>l&#8217;elaborazione da sottoporre alle autorit\u00e0 competenti, in relazione ai differenti ordinamenti produttivi degli indici di qualit\u00e0, ritenuti accettabili, delle acque da utilizzare a scopo irriguo, provvedendo al monitoraggio delle stesse;<\/li>\n<li>la formulazione di proposte in vista dell&#8217;adozione degli atti di pianificazione territoriale;<\/li>\n<li>la partecipazione nell&#8217;esercizio di funzioni di controllo e vigilanza nel rispetto delle prescrizioni e dei vincoli ove delegati dalle amministrazioni pubbliche competenti;<\/li>\n<li>le attivit\u00e0 di progettazione di cui all\u2019art.5 della legge regionale 29 aprile 1985, n.21, per opere pubbliche di competenza regionale di cui alla legge regionale 25 maggio 1995, n.45 e successive integrazioni e modificazioni;<\/li>\n<li>la progettazione, la realizzazione delle opere necessarie alla utilizzazione delle acque per fini irrigui, e ci\u00f2 fino alla costituzione dell&#8217;autorit\u00e0 di bacino;<\/li>\n<li>eventuali interventi di forestazione a salvaguardia delle opere di bonifica, attuati di concerto con l&#8217;Azienda delle foreste demaniali.<\/li>\n<\/ol>\n<p>Il Consorzio per il raggiungimento delle proprie finalit\u00e0 istituzionali pu\u00f2 partecipare ad enti ed organismi aventi analoghe finalit\u00e0, ovvero sostenerne l&#8217;azione.<\/td>\n<\/tr>\n<\/tbody>\n<\/table>\n<\/div>\n\t\t<\/div><\/div><\/div><\/div>","protected":false},"excerpt":{"rendered":"","protected":false},"author":1,"featured_media":0,"parent":0,"menu_order":0,"comment_status":"closed","ping_status":"closed","template":"page-fullwidth.php","meta":[],"acf":[],"uagb_featured_image_src":{"full":false,"thumbnail":false,"medium":false,"medium_large":false,"large":false,"1536x1536":false,"2048x2048":false,"large-thumb":false,"mansory-thumb":false,"single-alignfull-thumb":false,"sow-carousel-default":false},"uagb_author_info":{"display_name":"consorzio_usr","author_link":"http:\/\/www.cobon1tp.it\/cobon1tp\/author\/consorzio_usr\/"},"uagb_comment_info":0,"uagb_excerpt":null,"yoast_head":"<!-- This site is optimized with the Yoast SEO plugin v15.7 - https:\/\/yoast.com\/wordpress\/plugins\/seo\/ -->\r\n<title>Il Consorzio - Consorzio di Bonifica 1 Trapani<\/title>\r\n<meta name=\"robots\" content=\"index, follow, max-snippet:-1, max-image-preview:large, max-video-preview:-1\" \/>\r\n<link rel=\"canonical\" href=\"http:\/\/www.cobon1tp.it\/cobon1tp\/il-consorzio\/\" \/>\r\n<meta property=\"og:locale\" content=\"it_IT\" \/>\r\n<meta property=\"og:type\" content=\"article\" \/>\r\n<meta property=\"og:title\" content=\"Il Consorzio - Consorzio di Bonifica 1 Trapani\" \/>\r\n<meta property=\"og:url\" content=\"http:\/\/www.cobon1tp.it\/cobon1tp\/il-consorzio\/\" \/>\r\n<meta property=\"og:site_name\" content=\"Consorzio di Bonifica 1 Trapani\" \/>\r\n<meta property=\"article:modified_time\" content=\"2020-10-13T09:01:15+00:00\" \/>\r\n<meta name=\"twitter:card\" content=\"summary_large_image\" \/>\r\n<meta name=\"twitter:label1\" content=\"Tempo di lettura stimato\">\n\t<meta name=\"twitter:data1\" content=\"3 minuti\">\r\n<script type=\"application\/ld+json\" class=\"yoast-schema-graph\">{\"@context\":\"https:\/\/schema.org\",\"@graph\":[{\"@type\":\"WebSite\",\"@id\":\"http:\/\/www.cobon1tp.it\/cobon1tp\/#website\",\"url\":\"http:\/\/www.cobon1tp.it\/cobon1tp\/\",\"name\":\"Consorzio di Bonifica 1 Trapani\",\"description\":\"\",\"potentialAction\":[{\"@type\":\"SearchAction\",\"target\":\"http:\/\/www.cobon1tp.it\/cobon1tp\/?s={search_term_string}\",\"query-input\":\"required name=search_term_string\"}],\"inLanguage\":\"it-IT\"},{\"@type\":\"WebPage\",\"@id\":\"http:\/\/www.cobon1tp.it\/cobon1tp\/il-consorzio\/#webpage\",\"url\":\"http:\/\/www.cobon1tp.it\/cobon1tp\/il-consorzio\/\",\"name\":\"Il Consorzio - Consorzio di Bonifica 1 Trapani\",\"isPartOf\":{\"@id\":\"http:\/\/www.cobon1tp.it\/cobon1tp\/#website\"},\"datePublished\":\"2019-09-26T09:53:05+00:00\",\"dateModified\":\"2020-10-13T09:01:15+00:00\",\"inLanguage\":\"it-IT\",\"potentialAction\":[{\"@type\":\"ReadAction\",\"target\":[\"http:\/\/www.cobon1tp.it\/cobon1tp\/il-consorzio\/\"]}]}]}<\/script>\r\n<!-- \/ Yoast SEO plugin. -->","_links":{"self":[{"href":"http:\/\/www.cobon1tp.it\/cobon1tp\/wp-json\/wp\/v2\/pages\/108"}],"collection":[{"href":"http:\/\/www.cobon1tp.it\/cobon1tp\/wp-json\/wp\/v2\/pages"}],"about":[{"href":"http:\/\/www.cobon1tp.it\/cobon1tp\/wp-json\/wp\/v2\/types\/page"}],"author":[{"embeddable":true,"href":"http:\/\/www.cobon1tp.it\/cobon1tp\/wp-json\/wp\/v2\/users\/1"}],"replies":[{"embeddable":true,"href":"http:\/\/www.cobon1tp.it\/cobon1tp\/wp-json\/wp\/v2\/comments?post=108"}],"version-history":[{"count":0,"href":"http:\/\/www.cobon1tp.it\/cobon1tp\/wp-json\/wp\/v2\/pages\/108\/revisions"}],"wp:attachment":[{"href":"http:\/\/www.cobon1tp.it\/cobon1tp\/wp-json\/wp\/v2\/media?parent=108"}],"curies":[{"name":"wp","href":"https:\/\/api.w.org\/{rel}","templated":true}]}}